{"id":9002,"date":"2024-09-16T23:36:28","date_gmt":"2024-09-16T21:36:28","guid":{"rendered":"https:\/\/qualitaresponsabile.riomare.it\/nachhaltige-produktion\/kreislaufwirtschaft\/"},"modified":"2025-01-22T12:39:49","modified_gmt":"2025-01-22T11:39:49","slug":"kreislaufwirtschaft","status":"publish","type":"page","link":"https:\/\/qualitaresponsabile.riomare.it\/de\/nachhaltige-produktion\/kreislaufwirtschaft\/","title":{"rendered":"Kreislaufwirtschaft"},"content":{"rendered":"<p><div class=\"fusion-fullwidth fullwidth-box fusion-builder-row-1 fusion-flex-container has-pattern-background has-mask-background fusion-parallax-none nonhundred-percent-fullwidth non-hundred-percent-height-scrolling lazyload\" style=\"--link_hover_color: var(--awb-color5);--link_color: #0a215c;--awb-background-position-small:right center;--awb-border-color:var(--awb-color1);--awb-border-radius-top-left:0px;--awb-border-radius-top-right:0px;--awb-border-radius-bottom-right:0px;--awb-border-radius-bottom-left:0px;--awb-padding-top:9vw;--awb-padding-bottom:0px;--awb-padding-top-small:70px;--awb-padding-right-small:40px;--awb-padding-bottom-small:70px;--awb-padding-left-small:40px;--awb-margin-top:0px;--awb-margin-bottom:35px;--awb-margin-bottom-medium:80px;--awb-margin-bottom-small:60px;--awb-min-height:568px;--awb-background-image:linear-gradient(152deg, var(--awb-color8) 0%,hsla(var(--awb-color8-h),var(--awb-color8-s),var(--awb-color8-l),calc( var(--awb-color8-a) - 85% )) 70%);;--awb-background-size:cover;--awb-flex-wrap:wrap;--awb-filter:saturate(150%) brightness(120%);--awb-filter-transition:filter 0.3s ease;--awb-filter-hover:saturate(150%) brightness(120%);\" data-bg=\"https:\/\/qualitaresponsabile.riomare.it\/wp-content\/uploads\/2024\/09\/Visore_circularity.jpg\" data-bg-gradient=\"linear-gradient(152deg, var(--awb-color8) 0%,hsla(var(--awb-color8-h),var(--awb-color8-s),var(--awb-color8-l),calc( var(--awb-color8-a) - 85% )) 70%)\" ><div class=\"fusion-builder-row fusion-row fusion-flex-align-items-center fusion-flex-content-wrap\" style=\"max-width:1331.2px;margin-left: calc(-4% \/ 2 );margin-right: calc(-4% \/ 2 );\"><div class=\"fusion-layout-column fusion_builder_column fusion-builder-column-0 fusion_builder_column_1_1 1_1 fusion-flex-column fusion-animated\" style=\"--awb-padding-bottom-medium:0px;--awb-bg-size:cover;--awb-width-large:100%;--awb-margin-top-large:0px;--awb-spacing-right-large:1.92%;--awb-margin-bottom-large:85px;--awb-spacing-left-large:1.92%;--awb-width-medium:100%;--awb-order-medium:0;--awb-spacing-right-medium:1.92%;--awb-spacing-left-medium:1.92%;--awb-width-small:100%;--awb-order-small:0;--awb-spacing-right-small:1.92%;--awb-spacing-left-small:1.92%;\" data-animationType=\"fadeInUp\" data-animationDuration=\"1.3\" data-animationOffset=\"top-into-view\" data-scroll-devices=\"small-visibility,medium-visibility,large-visibility\"><div class=\"fusion-column-wrapper fusion-column-has-shadow fusion-flex-justify-content-flex-start fusion-content-layout-column\"><div class=\"fusion-title title fusion-title-1 fusion-title-text fusion-title-size-one\" style=\"--awb-text-color:var(--awb-color1);--awb-margin-right:5%;--awb-margin-left:0px;--awb-margin-right-small:0px;--awb-margin-left-small:0px;--awb-font-size:45px;\"><div class=\"title-sep-container title-sep-container-left fusion-no-large-visibility fusion-no-medium-visibility fusion-no-small-visibility\"><div class=\"title-sep sep- sep-solid\" style=\"border-color:var(--awb-color3);\"><\/div><\/div><span class=\"awb-title-spacer fusion-no-large-visibility fusion-no-medium-visibility fusion-no-small-visibility\"><\/span><h1 class=\"fusion-title-heading title-heading-left fusion-responsive-typography-calculated\" style=\"font-family:&quot;Open Sans&quot;;font-style:normal;font-weight:700;margin:0;font-size:1em;text-transform:none;--fontSize:45;line-height:1.33;\">Kreislaufwirtschaft<\/h1><span class=\"awb-title-spacer\"><\/span><div class=\"title-sep-container title-sep-container-right\"><div class=\"title-sep sep- sep-solid\" style=\"border-color:var(--awb-color3);\"><\/div><\/div><\/div><\/div><\/div><\/div><\/div><div class=\"fusion-fullwidth fullwidth-box fusion-builder-row-2 fusion-flex-container nonhundred-percent-fullwidth non-hundred-percent-height-scrolling fusion-animated\" style=\"--awb-background-position:left top;--awb-border-sizes-top:0px;--awb-border-sizes-bottom:0px;--awb-border-sizes-left:0px;--awb-border-sizes-right:0px;--awb-border-radius-top-left:0px;--awb-border-radius-top-right:0px;--awb-border-radius-bottom-right:0px;--awb-border-radius-bottom-left:0px;--awb-margin-top:82px;--awb-margin-bottom:48px;--awb-margin-bottom-medium:80px;--awb-margin-bottom-small:60px;--awb-flex-wrap:wrap;\" data-animationType=\"fadeInUp\" data-animationDuration=\"1.3\" data-animationOffset=\"top-into-view\" ><div class=\"fusion-builder-row fusion-row fusion-flex-align-items-stretch fusion-flex-justify-content-center fusion-flex-content-wrap\" style=\"max-width:1331.2px;margin-left: calc(-4% \/ 2 );margin-right: calc(-4% \/ 2 );\"><div class=\"fusion-layout-column fusion_builder_column fusion-builder-column-1 fusion_builder_column_1_1 1_1 fusion-flex-column fusion-flex-align-self-flex-start fusion-column-no-min-height\" style=\"--awb-bg-blend:overlay;--awb-bg-size:cover;--awb-width-large:100%;--awb-margin-top-large:0px;--awb-spacing-right-large:1.92%;--awb-margin-bottom-large:0px;--awb-spacing-left-large:1.92%;--awb-width-medium:80%;--awb-spacing-right-medium:2.4%;--awb-spacing-left-medium:2.4%;--awb-width-small:100%;--awb-spacing-right-small:1.92%;--awb-spacing-left-small:1.92%;\"><div class=\"fusion-column-wrapper fusion-flex-justify-content-flex-start fusion-content-layout-column\"><div class=\"fusion-title title fusion-title-2 fusion-title-center fusion-title-text fusion-title-size-two\" style=\"--awb-text-color:var(--awb-custom_color_1);--awb-margin-bottom:19px;--awb-font-size:33px;\"><div class=\"title-sep-container title-sep-container-left\"><div class=\"title-sep sep- sep-solid\" style=\"border-color:var(--awb-color3);\"><\/div><\/div><span class=\"awb-title-spacer\"><\/span><h2 class=\"fusion-title-heading title-heading-center fusion-responsive-typography-calculated\" style=\"margin:0;font-size:1em;text-transform:capitalize;--fontSize:33;line-height:var(--awb-typography1-line-height);\">Wasserverbrauch<\/h2><span class=\"awb-title-spacer\"><\/span><div class=\"title-sep-container title-sep-container-right\"><div class=\"title-sep sep- sep-solid\" style=\"border-color:var(--awb-color3);\"><\/div><\/div><\/div><div class=\"fusion-separator\" style=\"align-self: center;margin-left: auto;margin-right: auto;margin-top:0px;margin-bottom:39px;width:100%;max-width:200px;\"><div class=\"fusion-separator-border sep-single sep-solid\" style=\"--awb-height:20px;--awb-amount:20px;--awb-sep-color:#0a215c;border-color:#0a215c;border-top-width:2px;\"><\/div><\/div><div class=\"fusion-text fusion-text-1 fusion-text-no-margin\"><p>Wir wissen, dass unsere industriellen Verfahren einen hohen Wasserkonsum haben und dass Wasser ein kostbares Gut ist, das erhalten werden muss.<br \/>\nAufgrund unserer globalen Pr\u00e4senz konnten wir ma\u00dfgeschneiderte Initiativen entwickeln, die den Anforderungen eines jeden Werks und seines Impacts gerecht werden. Wir konnten daher ein Programm zur Senkung des<b> Wasserverbrauchs in jedem unserer Werke<\/b> auf den Weg bringen.<\/p>\n<p>In Regionen, in denen Wasserknappheit herrscht (wie Marokko und Ecuador), haben wir beschlossen, nur noch auf entsalztes Meerwasser zur\u00fcckzugreifen.<\/p>\n<p>Im Folgenden einige konkrete Beispiele f\u00fcr unsere Initiativen:<\/p>\n<ul>\n<li>Wir sind dabei, die Abwasseraufbereitungsanlage von O Grove zu modernisieren. Dieser Eingriff wird unser Wassermanagement deutlich verbessern;<\/li>\n<li>in unserem Werk in Cermenate haben wir verschiedene Schlie\u00dfungen von Wasserkreisl\u00e4ufe gem\u00e4\u00df der Guten Herstellungspraxis (GMP) und den Sicherheitsstandards f\u00fcr die Lebensmittelindustrie realisiert;<\/li>\n<li>Wir haben die Auftautechniken in einigen Werken ge\u00e4ndert, um unseren Wasserverbrauch drastisch zu senken;<\/li>\n<li>Heute untersuchen wir die besten Praktiken, um den Wasserverbrauch in den Ultrahocherhitzungs- und K\u00fchlanlagen weiter zu senken;<\/li>\n<\/ul>\n<p>Wir arbeiten daran, denselben Aufbereitungs-Effizienzgrad in allen unseren Produktionsanlagen zu erreichen, so dass wir unseren \u00f6kologischen Fu\u00dfabdruck bedeutend reduzieren k\u00f6nnen. Diese und weitere Wassereinsparungen werden nach Durchf\u00fchrung einer<b> Analyse des Wasserfu\u00dfabdrucks<\/b> und einer Bewertung der Risiken f\u00fcr weitere, \u00e4hnliche Ma\u00dfnahmen erreicht.<\/p>\n<\/div><\/div><\/div><\/div><\/div><div class=\"fusion-fullwidth fullwidth-box fusion-builder-row-3 fusion-flex-container has-pattern-background has-mask-background fusion-parallax-none nonhundred-percent-fullwidth non-hundred-percent-height-scrolling\" style=\"--awb-border-radius-top-left:0px;--awb-border-radius-top-right:0px;--awb-border-radius-bottom-right:0px;--awb-border-radius-bottom-left:0px;--awb-min-height:467px;--awb-background-image:url(&quot;https:\/\/qualitaresponsabile.riomare.it\/wp-content\/uploads\/2024\/09\/2.jpg&quot;);--awb-background-size:cover;--awb-flex-wrap:wrap;\" data-preload-img=\"https:\/\/qualitaresponsabile.riomare.it\/wp-content\/uploads\/2024\/09\/2.jpg\" ><div class=\"fusion-builder-row fusion-row fusion-flex-align-items-flex-start fusion-flex-content-wrap\" style=\"max-width:1331.2px;margin-left: calc(-4% \/ 2 );margin-right: calc(-4% \/ 2 );\"><\/div><\/div><div class=\"fusion-fullwidth fullwidth-box fusion-builder-row-4 fusion-flex-container nonhundred-percent-fullwidth non-hundred-percent-height-scrolling fusion-animated\" style=\"--awb-background-position:left top;--awb-border-sizes-top:0px;--awb-border-sizes-bottom:0px;--awb-border-sizes-left:0px;--awb-border-sizes-right:0px;--awb-border-radius-top-left:0px;--awb-border-radius-top-right:0px;--awb-border-radius-bottom-right:0px;--awb-border-radius-bottom-left:0px;--awb-margin-top:82px;--awb-margin-bottom:48px;--awb-margin-bottom-medium:80px;--awb-margin-bottom-small:60px;--awb-flex-wrap:wrap;\" data-animationType=\"fadeInUp\" data-animationDuration=\"1.3\" data-animationOffset=\"top-into-view\" ><div class=\"fusion-builder-row fusion-row fusion-flex-align-items-stretch fusion-flex-justify-content-center fusion-flex-content-wrap\" style=\"max-width:1331.2px;margin-left: calc(-4% \/ 2 );margin-right: calc(-4% \/ 2 );\"><div class=\"fusion-layout-column fusion_builder_column fusion-builder-column-2 fusion_builder_column_1_1 1_1 fusion-flex-column fusion-flex-align-self-flex-start fusion-column-no-min-height\" style=\"--awb-bg-blend:overlay;--awb-bg-size:cover;--awb-width-large:100%;--awb-margin-top-large:0px;--awb-spacing-right-large:1.92%;--awb-margin-bottom-large:0px;--awb-spacing-left-large:1.92%;--awb-width-medium:80%;--awb-spacing-right-medium:2.4%;--awb-spacing-left-medium:2.4%;--awb-width-small:100%;--awb-spacing-right-small:1.92%;--awb-spacing-left-small:1.92%;\"><div class=\"fusion-column-wrapper fusion-flex-justify-content-flex-start fusion-content-layout-column\"><div class=\"fusion-title title fusion-title-3 fusion-title-center fusion-title-text fusion-title-size-two\" style=\"--awb-text-color:var(--awb-custom_color_1);--awb-margin-bottom:19px;--awb-font-size:33px;\"><div class=\"title-sep-container title-sep-container-left\"><div class=\"title-sep sep- sep-solid\" style=\"border-color:var(--awb-color3);\"><\/div><\/div><span class=\"awb-title-spacer\"><\/span><h2 class=\"fusion-title-heading title-heading-center fusion-responsive-typography-calculated\" style=\"margin:0;font-size:1em;text-transform:capitalize;--fontSize:33;line-height:var(--awb-typography1-line-height);\">Abfallmanagement<\/h2><span class=\"awb-title-spacer\"><\/span><div class=\"title-sep-container title-sep-container-right\"><div class=\"title-sep sep- sep-solid\" style=\"border-color:var(--awb-color3);\"><\/div><\/div><\/div><div class=\"fusion-separator\" style=\"align-self: center;margin-left: auto;margin-right: auto;margin-top:0px;margin-bottom:39px;width:100%;max-width:200px;\"><div class=\"fusion-separator-border sep-single sep-solid\" style=\"--awb-height:20px;--awb-amount:20px;--awb-sep-color:#0a215c;border-color:#0a215c;border-top-width:2px;\"><\/div><\/div><div class=\"fusion-text fusion-text-2 fusion-text-no-margin\"><p>Wir unterscheiden uns von anderen auch durch einen sorgf\u00e4ltigen Ressourcenmanagement-Prozess, denn ca.<b> 99\u00b0% unserer Abf\u00e4lle wird Wiedernutzung- und Recyclingoperationen an autorisierten Werken zugef\u00fchrt.<\/b> Insbesondere Abf\u00e4lle aus Verpackungen f\u00fcr Produktionszwecke, darunter Papier, Pappe, Kunststoff, Holz und Metalle, werden der <b>Wiedernutzung und Wiederverwertung <\/b>zugef\u00fchrt.<\/p>\n<\/div><\/div><\/div><\/div><\/div><div class=\"fusion-fullwidth fullwidth-box fusion-builder-row-5 fusion-flex-container nonhundred-percent-fullwidth non-hundred-percent-height-scrolling fusion-animated\" style=\"--awb-background-position:left top;--awb-border-sizes-top:0px;--awb-border-sizes-bottom:0px;--awb-border-sizes-left:0px;--awb-border-sizes-right:0px;--awb-border-radius-top-left:0px;--awb-border-radius-top-right:0px;--awb-border-radius-bottom-right:0px;--awb-border-radius-bottom-left:0px;--awb-margin-top:82px;--awb-margin-bottom:48px;--awb-margin-bottom-medium:80px;--awb-margin-bottom-small:60px;--awb-flex-wrap:wrap;\" data-animationType=\"fadeInUp\" data-animationDuration=\"1.3\" data-animationOffset=\"top-into-view\" ><div class=\"fusion-builder-row fusion-row fusion-flex-align-items-stretch fusion-flex-justify-content-center fusion-flex-content-wrap\" style=\"max-width:1331.2px;margin-left: calc(-4% \/ 2 );margin-right: calc(-4% \/ 2 );\"><div class=\"fusion-layout-column fusion_builder_column fusion-builder-column-3 fusion_builder_column_1_1 1_1 fusion-flex-column fusion-flex-align-self-flex-start fusion-column-no-min-height\" style=\"--awb-bg-blend:overlay;--awb-bg-size:cover;--awb-width-large:100%;--awb-margin-top-large:0px;--awb-spacing-right-large:1.92%;--awb-margin-bottom-large:0px;--awb-spacing-left-large:1.92%;--awb-width-medium:80%;--awb-spacing-right-medium:2.4%;--awb-spacing-left-medium:2.4%;--awb-width-small:100%;--awb-spacing-right-small:1.92%;--awb-spacing-left-small:1.92%;\"><div class=\"fusion-column-wrapper fusion-flex-justify-content-flex-start fusion-content-layout-column\"><div class=\"fusion-title title fusion-title-4 fusion-title-center fusion-title-text fusion-title-size-two\" style=\"--awb-text-color:var(--awb-custom_color_1);--awb-margin-bottom:19px;--awb-font-size:33px;\"><div class=\"title-sep-container title-sep-container-left\"><div class=\"title-sep sep- sep-solid\" style=\"border-color:var(--awb-color3);\"><\/div><\/div><span class=\"awb-title-spacer\"><\/span><h2 class=\"fusion-title-heading title-heading-center fusion-responsive-typography-calculated\" style=\"margin:0;font-size:1em;text-transform:capitalize;--fontSize:33;line-height:var(--awb-typography1-line-height);\"><span style=\"color: var(--awb-text-color); font-family: var(--h2_typography-font-family); font-size: 1em; font-style: var(--h2_typography-font-style,normal); font-weight: var(--h2_typography-font-weight); letter-spacing: var(--h2_typography-letter-spacing); background-color: var(--awb-bg-color-hover);\">Nachhaltiges Verpackungswesen<\/span><\/h2><span class=\"awb-title-spacer\"><\/span><div class=\"title-sep-container title-sep-container-right\"><div class=\"title-sep sep- sep-solid\" style=\"border-color:var(--awb-color3);\"><\/div><\/div><\/div><div class=\"fusion-separator\" style=\"align-self: center;margin-left: auto;margin-right: auto;margin-top:0px;margin-bottom:39px;width:100%;max-width:200px;\"><div class=\"fusion-separator-border sep-single sep-solid\" style=\"--awb-height:20px;--awb-amount:20px;--awb-sep-color:#0a215c;border-color:#0a215c;border-top-width:2px;\"><\/div><\/div><div class=\"fusion-text fusion-text-3 fusion-text-no-margin\"><p>F\u00fcr die Verpackung unserer Endprodukte greifen wir vorwiegend auf Karton, Wei\u00dfblech und Aluminium zur\u00fcck, <b>alles wiederverwertbare Materialien, von denen 88\u00b0% aus dem Recycling stammt. <\/b><\/p>\n<p><b>Wir erneuern unsere Verpackungen kontinuierlich<\/b> und zielen auf immer leichtere und nachhaltigere L\u00f6sungen. Wir untersuchen den gesamten Lebenszyklus gem\u00e4\u00df Norm ISO 14040 (Bewertungsstandard des Lebenszyklus).<\/p>\n<p>In Zusammenarbeit mit unseren Lieferanten haben wir Anstrengungen unternommen, die Wiederverwertbarkeit dieser Materialien zu erh\u00f6hen.<\/p>\n<p>Wir halten immer Ausschau nach neuen Technologien und Methoden, um unsere Auswirkungen auf den Planeten zu senken. So sind wir dabei, wichtige Fortschritte in unseren Verpackungen zu erzielen und haben verschiedene Preise gewonnen, darunter den \u201e<b>Besonderen Preis<\/b>\u201c CONAI (das italienische Verpackungskonsortium), weil es dem Unternehmen gelungen ist, das Aluminium in den Verpackungen der Produkte Insalatissime Rio Mare von 0,24 mm auf 0,2 mm Dicke zu reduzieren. Diese Initiative bescherte uns Einsparungen von rund <b>30 Tonnen <\/b>Aluminium pro Jahr, eine Menge, um etwa 2,9 Millionen Dosen herzustellen.<\/p>\n<\/div><\/div><\/div><\/div><\/div><div class=\"fusion-fullwidth fullwidth-box fusion-builder-row-6 fusion-flex-container has-pattern-background has-mask-background fusion-parallax-none fishing-container nonhundred-percent-fullwidth non-hundred-percent-height-scrolling lazyload\" style=\"--awb-border-sizes-top:0;--awb-border-sizes-bottom:2px;--awb-border-sizes-left:0;--awb-border-sizes-right:0;--awb-border-color:var(--awb-color2);--awb-border-radius-top-left:0px;--awb-border-radius-top-right:0px;--awb-border-radius-bottom-right:0px;--awb-border-radius-bottom-left:0px;--awb-min-height:340px;--awb-background-size:cover;--awb-flex-wrap:wrap;\" data-bg=\"https:\/\/qualitaresponsabile.riomare.it\/wp-content\/uploads\/2024\/09\/striscia_operational-project.jpg\" ><div class=\"fusion-builder-row fusion-row fusion-flex-align-items-flex-start fusion-flex-align-content-center fusion-flex-content-wrap\" style=\"max-width:1331.2px;margin-left: calc(-4% \/ 2 );margin-right: calc(-4% \/ 2 );\"><div class=\"fusion-layout-column fusion_builder_column fusion-builder-column-4 fusion_builder_column_1_1 1_1 fusion-flex-column fishing-banner\" style=\"--awb-padding-top:0px;--awb-padding-right:0px;--awb-padding-bottom:0px;--awb-padding-left:0px;--awb-bg-size:cover;--awb-width-large:100%;--awb-margin-top-large:0px;--awb-spacing-right-large:0px;--awb-margin-bottom-large:0px;--awb-spacing-left-large:0px;--awb-width-medium:100%;--awb-order-medium:0;--awb-spacing-right-medium:1.92%;--awb-spacing-left-medium:1.92%;--awb-width-small:100%;--awb-order-small:0;--awb-spacing-right-small:1.92%;--awb-spacing-left-small:1.92%;\"><div class=\"fusion-column-wrapper fusion-column-has-shadow fusion-flex-justify-content-flex-start fusion-content-layout-column\"><div class=\"fusion-title title fusion-title-5 fusion-title-text fusion-title-size-three banner-title\" style=\"--awb-text-color:var(--awb-color2);--awb-margin-right:0px;--awb-margin-bottom:16px;--awb-margin-left:0px;\"><div class=\"title-sep-container title-sep-container-left fusion-no-large-visibility fusion-no-medium-visibility fusion-no-small-visibility\"><div class=\"title-sep sep- sep-solid\" style=\"border-color:var(--awb-color3);\"><\/div><\/div><span class=\"awb-title-spacer fusion-no-large-visibility fusion-no-medium-visibility fusion-no-small-visibility\"><\/span><h3 class=\"fusion-title-heading title-heading-left fusion-responsive-typography-calculated\" style=\"margin:0;text-transform:capitalize;--fontSize:25;line-height:var(--awb-typography1-line-height);\">Unser projekt f\u00fcr betriebliche exzellenz<\/h3><span class=\"awb-title-spacer\"><\/span><div class=\"title-sep-container title-sep-container-right\"><div class=\"title-sep sep- sep-solid\" style=\"border-color:var(--awb-color3);\"><\/div><\/div><\/div><div class=\"fusion-text fusion-text-4 hover-text\" style=\"--awb-text-color:var(--awb-color2);\"><p style=\"font-size: 16px;\" data-fusion-font=\"true\">Im Jahr 2021 haben wir unser Programm f\u00fcr operative Exzellenz namens BMX (Bolton Manufacturing Excellence) gestartet. Das Programm unterst\u00fctzt die industrielle Organisation dabei, die in unserer &#8222;Industrial Ambition\u201c definierten Ziele zu erreichen.<\/p>\n<div style=\"display: grid!Important; justify-content: start;\">\n<div class=\"btn-orange\" style=\"margin-top: 30px;\"><a href=\"https:\/\/qualitaresponsabile.riomare.it\/de\/nachhaltige-produktion\/unser-projekt-fur-betriebliche-exzellenz\/\"><b>Erfahren Sie mehr<b> <i class=\"fas fa-angle-right\"><\/i><\/b><\/b><\/a><\/div>\n<\/div>\n<\/div><\/div><\/div><\/div><\/div><div class=\"fusion-fullwidth fullwidth-box fusion-builder-row-7 fusion-flex-container has-pattern-background has-mask-background fusion-parallax-none fishing-container nonhundred-percent-fullwidth non-hundred-percent-height-scrolling lazyload\" style=\"--awb-border-sizes-top:0;--awb-border-sizes-bottom:2px;--awb-border-sizes-left:0;--awb-border-sizes-right:0;--awb-border-color:var(--awb-color2);--awb-border-radius-top-left:0px;--awb-border-radius-top-right:0px;--awb-border-radius-bottom-right:0px;--awb-border-radius-bottom-left:0px;--awb-min-height:340px;--awb-background-size:cover;--awb-flex-wrap:wrap;\" data-bg=\"https:\/\/qualitaresponsabile.riomare.it\/wp-content\/uploads\/2024\/09\/striscia_productionparking.jpg\" ><div class=\"fusion-builder-row fusion-row fusion-flex-align-items-flex-start fusion-flex-align-content-center fusion-flex-content-wrap\" style=\"max-width:1331.2px;margin-left: calc(-4% \/ 2 );margin-right: calc(-4% \/ 2 );\"><div class=\"fusion-layout-column fusion_builder_column fusion-builder-column-5 fusion_builder_column_1_1 1_1 fusion-flex-column fishing-banner\" style=\"--awb-padding-top:0px;--awb-padding-right:0px;--awb-padding-bottom:0px;--awb-padding-left:0px;--awb-bg-size:cover;--awb-width-large:100%;--awb-margin-top-large:0px;--awb-spacing-right-large:0px;--awb-margin-bottom-large:0px;--awb-spacing-left-large:0px;--awb-width-medium:100%;--awb-order-medium:0;--awb-spacing-right-medium:1.92%;--awb-spacing-left-medium:1.92%;--awb-width-small:100%;--awb-order-small:0;--awb-spacing-right-small:1.92%;--awb-spacing-left-small:1.92%;\"><div class=\"fusion-column-wrapper fusion-column-has-shadow fusion-flex-justify-content-flex-start fusion-content-layout-column\"><div class=\"fusion-title title fusion-title-6 fusion-title-text fusion-title-size-three banner-title\" style=\"--awb-text-color:var(--awb-color2);--awb-margin-right:0px;--awb-margin-bottom:16px;--awb-margin-left:0px;\"><div class=\"title-sep-container title-sep-container-left fusion-no-large-visibility fusion-no-medium-visibility fusion-no-small-visibility\"><div class=\"title-sep sep- sep-solid\" style=\"border-color:var(--awb-color3);\"><\/div><\/div><span class=\"awb-title-spacer fusion-no-large-visibility fusion-no-medium-visibility fusion-no-small-visibility\"><\/span><h3 class=\"fusion-title-heading title-heading-left fusion-responsive-typography-calculated\" style=\"margin:0;text-transform:capitalize;--fontSize:25;line-height:var(--awb-typography1-line-height);\"><b>Der co2-abdruck unseres unternehmens (corporate carbon footprint)<\/b><\/h3><span class=\"awb-title-spacer\"><\/span><div class=\"title-sep-container title-sep-container-right\"><div class=\"title-sep sep- sep-solid\" style=\"border-color:var(--awb-color3);\"><\/div><\/div><\/div><div class=\"fusion-text fusion-text-5 hover-text\" style=\"--awb-text-color:var(--awb-color2);\"><p style=\"font-size: 16px;\" data-fusion-font=\"true\">Jedes Jahr messen wir unseren Corporate Carbon Footprint mithilfe des GHG-Protokolls, dem weltweit g\u00e4ngigsten Bilanzierungsstandard f\u00fcr Treibgasemissionen.<\/p>\n<div style=\"display: grid!Important; justify-content: start;\">\n<div class=\"btn-orange\" style=\"margin-top: 30px;\"><a href=\"https:\/\/qualitaresponsabile.riomare.it\/de\/nachhaltige-produktion\/der-co2-abdruck-unseres-unternehmens-corporate-carbon-footprint\/\"><b>Erfahren Sie mehr<b> <i class=\"fas fa-angle-right\"><\/i><\/b><\/b><\/a><\/div>\n<\/div>\n<\/div><\/div><\/div><\/div><\/div><\/p>\n","protected":false},"excerpt":{"rendered":"","protected":false},"author":3,"featured_media":0,"parent":8990,"menu_order":0,"comment_status":"closed","ping_status":"closed","template":"100-width.php","meta":{"footnotes":""},"class_list":["post-9002","page","type-page","status-publish","hentry"],"_links":{"self":[{"href":"https:\/\/qualitaresponsabile.riomare.it\/de\/wp-json\/wp\/v2\/pages\/9002","targetHints":{"allow":["GET"]}}],"collection":[{"href":"https:\/\/qualitaresponsabile.riomare.it\/de\/wp-json\/wp\/v2\/pages"}],"about":[{"href":"https:\/\/qualitaresponsabile.riomare.it\/de\/wp-json\/wp\/v2\/types\/page"}],"author":[{"embeddable":true,"href":"https:\/\/qualitaresponsabile.riomare.it\/de\/wp-json\/wp\/v2\/users\/3"}],"replies":[{"embeddable":true,"href":"https:\/\/qualitaresponsabile.riomare.it\/de\/wp-json\/wp\/v2\/comments?post=9002"}],"version-history":[{"count":5,"href":"https:\/\/qualitaresponsabile.riomare.it\/de\/wp-json\/wp\/v2\/pages\/9002\/revisions"}],"predecessor-version":[{"id":9098,"href":"https:\/\/qualitaresponsabile.riomare.it\/de\/wp-json\/wp\/v2\/pages\/9002\/revisions\/9098"}],"up":[{"embeddable":true,"href":"https:\/\/qualitaresponsabile.riomare.it\/de\/wp-json\/wp\/v2\/pages\/8990"}],"wp:attachment":[{"href":"https:\/\/qualitaresponsabile.riomare.it\/de\/wp-json\/wp\/v2\/media?parent=9002"}],"curies":[{"name":"wp","href":"https:\/\/api.w.org\/{rel}","templated":true}]}}